{"id":145,"date":"2016-06-30T10:59:14","date_gmt":"2016-06-30T08:59:14","guid":{"rendered":"http:\/\/www.artisans-experts.fr\/?page_id=145"},"modified":"2021-11-15T16:28:26","modified_gmt":"2021-11-15T15:28:26","slug":"contact","status":"publish","type":"page","link":"https:\/\/www.artisans-experts.fr\/index.php\/contact\/","title":{"rendered":"Contact"},"content":{"rendered":"<p>[vc_row][vc_column]<div class=\"columns_wrap sc_columns columns_nofluid sc_columns_count_12 margin_top_large margin_bottom_large\"><div class=\"column-1_12 sc_column_item sc_column_item_1 odd first\"><\/div><div class=\"column-6_12 sc_column_item sc_column_item_2 even span_6\"><h2 class=\"sc_title sc_title_regular margin_bottom_null\" style=\"margin-top: 1rem;\">Contact<\/h2>\n<div class=\"wpcf7 no-js\" id=\"wpcf7-f907-o1\" lang=\"en-US\" dir=\"ltr\">\n<div class=\"screen-reader-response\"><p role=\"status\" aria-live=\"polite\" aria-atomic=\"true\"><\/p> <ul><\/ul><\/div>\n<form action=\"\/index.php\/wp-json\/wp\/v2\/pages\/145#wpcf7-f907-o1\" method=\"post\" class=\"wpcf7-form init\" aria-label=\"Contact form\" novalidate=\"novalidate\" data-status=\"init\">\n<div style=\"display: none;\">\n<input type=\"hidden\" name=\"_wpcf7\" value=\"907\" \/>\n<input type=\"hidden\" name=\"_wpcf7_version\" value=\"5.8\" \/>\n<input type=\"hidden\" name=\"_wpcf7_locale\" value=\"en_US\" \/>\n<input type=\"hidden\" name=\"_wpcf7_unit_tag\" value=\"wpcf7-f907-o1\" \/>\n<input type=\"hidden\" name=\"_wpcf7_container_post\" value=\"0\" \/>\n<input type=\"hidden\" name=\"_wpcf7_posted_data_hash\" value=\"\" \/>\n<\/div>\n<div class=\"form_info\">\n\t<p><label><br \/>\n<span class=\"wpcf7-form-control-wrap\" data-name=\"your-name\"><input size=\"40\" class=\"wpcf7-form-control wpcf7-text wpcf7-validates-as-required\" aria-required=\"true\" aria-invalid=\"false\" placeholder=\"Nom *\" value=\"\" type=\"text\" name=\"your-name\" \/><\/span> <\/label><br \/>\n<label><br \/>\n<span class=\"wpcf7-form-control-wrap\" data-name=\"your-email\"><input size=\"40\" class=\"wpcf7-form-control wpcf7-email wpcf7-validates-as-required wpcf7-text wpcf7-validates-as-email\" aria-required=\"true\" aria-invalid=\"false\" placeholder=\"E-mail *\" value=\"\" type=\"email\" name=\"your-email\" \/><\/span> <\/label>\n\t<\/p>\n<\/div>\n<p><label><br \/>\n<span class=\"wpcf7-form-control-wrap\" data-name=\"your-message\"><textarea cols=\"40\" rows=\"10\" class=\"wpcf7-form-control wpcf7-textarea\" aria-invalid=\"false\" placeholder=\"Message\" name=\"your-message\"><\/textarea><\/span> <\/label><br \/>\n<span class=\"wpcf7-form-control-wrap\" data-name=\"acceptance-29\"><span class=\"wpcf7-form-control wpcf7-acceptance\"><span class=\"wpcf7-list-item\"><label><input type=\"checkbox\" name=\"acceptance-29\" value=\"1\" aria-invalid=\"false\" \/><span class=\"wpcf7-list-item-label\">J'accepte que mes donn\u00e9es soumises soient collect\u00e9es et stock\u00e9es.<\/span><\/label><\/span><\/span><\/span><br \/>\n<input class=\"wpcf7-form-control wpcf7-submit has-spinner\" type=\"submit\" value=\"Envoyer le Message\" \/>\n<\/p><div class=\"wpcf7-response-output\" aria-hidden=\"true\"><\/div>\n<\/form>\n<\/div>\n<\/div><div class=\"column-1_12 sc_column_item sc_column_item_8 even\"><\/div><div class=\"column-3_12 sc_column_item sc_column_item_9 odd span_3\"><div class=\"sc_section sc_section_block margin_bottom_medium alignleft\"><div class=\"sc_section_inner\"><div class=\"sc_section_content_wrap\"><h3 class=\"sc_title sc_title_underline\" style=\"margin-top: 1.15rem; padding-bottom: 1.4rem;margin-bottom: 1.55rem;\"><\/p>\n<p>Nous contacter<\/p>\n<p><\/h3><ul class=\"sc_list sc_list_style_iconed\" style=\"line-height: 1.2;\"><li class=\"sc_list_item odd first\"><span class=\"sc_list_icon icon-phone-1\" style=\"color:#5e594c;\"><\/span>[vc_column_text]<a href=\"tel:0698642345\">06 98 64 23 45<\/a>[\/vc_column_text]<\/li><li class=\"sc_list_item even\"><span class=\"sc_list_icon icon-location-1\" style=\"color:#5e594c;\"><\/span>[vc_column_text]328 avenue Georges Clemenceau 92000 Nanterre[\/vc_column_text]<\/li><li class=\"sc_list_item odd\"><span class=\"sc_list_icon icon-mail\" style=\"color:#5e594c;\"><\/span>[vc_column_text]<a href=\"mailto:gestion@artisans-experts.fr\">gestion@artisans-experts.fr<\/a>[\/vc_column_text]<\/li><\/ul><\/div><\/div><\/div><div class=\"sc_section sc_section_block  alignleft\"><div class=\"sc_section_inner\"><div class=\"sc_section_content_wrap\"><h3 class=\"sc_title sc_title_underline\" style=\"margin-top: 0.75rem; padding-bottom: 1.4rem;\">R\u00e9seaux sociaux<\/h3><div class=\"sc_socials sc_socials_type_icons sc_socials_shape_round sc_socials_size_tiny\"><div class=\"sc_socials_item\"><a href=\"https:\/\/twitter.com\/ancora_themes\" target=\"_blank\" class=\"social_icons social_twitter\"><span class=\"icon-twitter\"><\/span><\/a><\/div><div class=\"sc_socials_item\"><a href=\"https:\/\/www.facebook.com\/AncoraThemes\/\" target=\"_blank\" class=\"social_icons social_facebook\"><span class=\"icon-facebook\"><\/span><\/a><\/div><div class=\"sc_socials_item\"><a href=\"https:\/\/www.youtube.com\/channel\/UCdIjRh7-lPVHqTTKpaf8PLA\" target=\"_blank\" class=\"social_icons social_youtube\"><span class=\"icon-youtube\"><\/span><\/a><\/div><div class=\"sc_socials_item\"><a href=\"https:\/\/www.instagram.com\/ancora_themes\/\" target=\"_blank\" class=\"social_icons social_instagramm\"><span class=\"icon-instagramm\"><\/span><\/a><\/div><\/div><\/div><\/div><\/div><\/div><div class=\"column-1_12 sc_column_item sc_column_item_12 even after_span_3\"><\/div><\/div>[\/vc_column][\/vc_row]<\/p>\n","protected":false},"excerpt":{"rendered":"<p>[vc_row][vc_column][\/vc_column][\/vc_row]<\/p>\n","protected":false},"author":1,"featured_media":0,"parent":0,"menu_order":0,"comment_status":"closed","ping_status":"closed","template":"","meta":{"footnotes":""},"_links":{"self":[{"href":"https:\/\/www.artisans-experts.fr\/index.php\/wp-json\/wp\/v2\/pages\/145"}],"collection":[{"href":"https:\/\/www.artisans-experts.fr\/index.php\/wp-json\/wp\/v2\/pages"}],"about":[{"href":"https:\/\/www.artisans-experts.fr\/index.php\/wp-json\/wp\/v2\/types\/page"}],"author":[{"embeddable":true,"href":"https:\/\/www.artisans-experts.fr\/index.php\/wp-json\/wp\/v2\/users\/1"}],"replies":[{"embeddable":true,"href":"https:\/\/www.artisans-experts.fr\/index.php\/wp-json\/wp\/v2\/comments?post=145"}],"version-history":[{"count":8,"href":"https:\/\/www.artisans-experts.fr\/index.php\/wp-json\/wp\/v2\/pages\/145\/revisions"}],"predecessor-version":[{"id":1043,"href":"https:\/\/www.artisans-experts.fr\/index.php\/wp-json\/wp\/v2\/pages\/145\/revisions\/1043"}],"wp:attachment":[{"href":"https:\/\/www.artisans-experts.fr\/index.php\/wp-json\/wp\/v2\/media?parent=145"}],"curies":[{"name":"wp","href":"https:\/\/api.w.org\/{rel}","templated":true}]}}