{"id":181,"date":"2016-07-01T09:01:32","date_gmt":"2016-07-01T09:01:32","guid":{"rendered":"http:\/\/www.artisans-experts.fr\/?page_id=181"},"modified":"2021-11-15T16:35:47","modified_gmt":"2021-11-15T15:35:47","slug":"our-services","status":"publish","type":"page","link":"https:\/\/www.artisans-experts.fr\/index.php\/our-services\/","title":{"rendered":"Services"},"content":{"rendered":"<p>[vc_row][vc_column]<div id=\"sc_services_1854573385_wrap\" class=\"sc_services_wrap\"><div id=\"sc_services_1854573385\" class=\"sc_services sc_services_style_services-1 sc_services_type_images \" style=\"width:100%;\"><h6 class=\"sc_services_subtitle sc_item_subtitle\">services<\/h6><h2 class=\"sc_services_title sc_item_title\">Nos activit\u00e9s<\/h2><div class=\"sc_columns columns_wrap\"><div class=\"column-1_3 column_padding_bottom\">\t\t\t<div id=\"sc_services_1854573385_1\"\t\t\t\tclass=\"sc_services_item sc_services_item_1 odd first\"\n\t\t\t\t>\n\t\t\t\t\t\t\t\t\t<div class=\"sc_services_item_featured post_featured\">\n\t\t\t\t\t\t\t<div class=\"post_thumb\" data-image=\"https:\/\/www.artisans-experts.fr\/wp-content\/uploads\/2016\/06\/tools_1.png\" data-title=\"Plomberie\">\n\t<a class=\"hover_icon hover_icon_link\" href=\"https:\/\/www.artisans-experts.fr\/index.php\/services\/plumbing\/\"><img class=\"wp-post-image\" alt=\"Plomberie\" src=\"https:\/\/www.artisans-experts.fr\/wp-content\/uploads\/2016\/06\/tools_1.png\"><\/a>\t<\/div>\n\t\t\t\t\t\t<\/div>\n\t\t\t\t\t\t\t\t\t<div class=\"sc_services_item_content\">\n\t\t\t\t\t<h3 class=\"sc_services_item_title sc_title_underline\"><a href=\"https:\/\/www.artisans-experts.fr\/index.php\/services\/plumbing\/\">Plomberie<\/a><\/h3>\n\t\t\t\t\t<div class=\"sc_services_item_description\">\n\t\t\t\t\t\t<p>Nous intervenons o\u00f9 vous avez besoin de r\u00e9nover votre plomberie : installation de ballon thermodynamique, mise en place d\u2019un r\u00e9seau de chauffage...<\/p><a href=\"https:\/\/www.artisans-experts.fr\/index.php\/services\/plumbing\/\" class=\"sc_button sc_button_square sc_button_style_filled sc_button_size_small\">Lire la suite <\/a>\t\t\t\t\t<\/div>\n\t\t\t\t<\/div>\n\t\t\t<\/div>\n\t\t<\/div><div class=\"column-1_3 column_padding_bottom\">\t\t\t<div id=\"sc_services_1854573385_2\"\t\t\t\tclass=\"sc_services_item sc_services_item_2 even\"\n\t\t\t\t>\n\t\t\t\t\t\t\t\t\t<div class=\"sc_services_item_featured post_featured\">\n\t\t\t\t\t\t\t<div class=\"post_thumb\" data-image=\"https:\/\/www.artisans-experts.fr\/wp-content\/uploads\/2016\/06\/tools_2.png\" data-title=\"Electricit\u00e9\">\n\t<a class=\"hover_icon hover_icon_link\" href=\"https:\/\/www.artisans-experts.fr\/index.php\/services\/electrical\/\"><img class=\"wp-post-image\" alt=\"Electricit\u00e9\" src=\"https:\/\/www.artisans-experts.fr\/wp-content\/uploads\/2016\/06\/tools_2.png\"><\/a>\t<\/div>\n\t\t\t\t\t\t<\/div>\n\t\t\t\t\t\t\t\t\t<div class=\"sc_services_item_content\">\n\t\t\t\t\t<h3 class=\"sc_services_item_title sc_title_underline\"><a href=\"https:\/\/www.artisans-experts.fr\/index.php\/services\/electrical\/\">Electricit\u00e9<\/a><\/h3>\n\t\t\t\t\t<div class=\"sc_services_item_description\">\n\t\t\t\t\t\t<p>Nous intervenons d\u2019ailleurs sur ce type de prestation quel que soit l\u2019\u00e9tage o\u00f9 vous avez besoin de refaire votre installation \u00e9lectrique.<\/p><a href=\"https:\/\/www.artisans-experts.fr\/index.php\/services\/electrical\/\" class=\"sc_button sc_button_square sc_button_style_filled sc_button_size_small\">Lire la suite <\/a>\t\t\t\t\t<\/div>\n\t\t\t\t<\/div>\n\t\t\t<\/div>\n\t\t<\/div><div class=\"column-1_3 column_padding_bottom\">\t\t\t<div id=\"sc_services_1854573385_3\"\t\t\t\tclass=\"sc_services_item sc_services_item_3 odd\"\n\t\t\t\t>\n\t\t\t\t\t\t\t\t\t<div class=\"sc_services_item_featured post_featured\">\n\t\t\t\t\t\t\t<div class=\"post_thumb\" data-image=\"https:\/\/www.artisans-experts.fr\/wp-content\/uploads\/2016\/06\/tools_3.png\" data-title=\"Charpenterie\">\n\t<a class=\"hover_icon hover_icon_link\" href=\"https:\/\/www.artisans-experts.fr\/index.php\/services\/charpenterie\/\"><img class=\"wp-post-image\" alt=\"Charpenterie\" src=\"https:\/\/www.artisans-experts.fr\/wp-content\/uploads\/2016\/06\/tools_3.png\"><\/a>\t<\/div>\n\t\t\t\t\t\t<\/div>\n\t\t\t\t\t\t\t\t\t<div class=\"sc_services_item_content\">\n\t\t\t\t\t<h3 class=\"sc_services_item_title sc_title_underline\"><a href=\"https:\/\/www.artisans-experts.fr\/index.php\/services\/charpenterie\/\">Charpenterie<\/a><\/h3>\n\t\t\t\t\t<div class=\"sc_services_item_description\">\n\t\t\t\t\t\t<p>Si vous voulez repenser la mod\u00e9lisation de votre pi\u00e8ce, il peut \u00eatre n\u00e9cessaire de casser les murs pour ouvrir l\u2019espace et de permettre de...<\/p><a href=\"https:\/\/www.artisans-experts.fr\/index.php\/services\/charpenterie\/\" class=\"sc_button sc_button_square sc_button_style_filled sc_button_size_small\">Lire la suite <\/a>\t\t\t\t\t<\/div>\n\t\t\t\t<\/div>\n\t\t\t<\/div>\n\t\t<\/div><div class=\"column-1_3 column_padding_bottom\">\t\t\t<div id=\"sc_services_1854573385_4\"\t\t\t\tclass=\"sc_services_item sc_services_item_4 even\"\n\t\t\t\t>\n\t\t\t\t\t\t\t\t\t<div class=\"sc_services_item_featured post_featured\">\n\t\t\t\t\t\t\t<div class=\"post_thumb\" data-image=\"https:\/\/www.artisans-experts.fr\/wp-content\/uploads\/2016\/06\/tools_4.png\" data-title=\"Decoration\">\n\t<a class=\"hover_icon hover_icon_link\" href=\"https:\/\/www.artisans-experts.fr\/index.php\/services\/decoration\/\"><img class=\"wp-post-image\" alt=\"Decoration\" src=\"https:\/\/www.artisans-experts.fr\/wp-content\/uploads\/2016\/06\/tools_4.png\"><\/a>\t<\/div>\n\t\t\t\t\t\t<\/div>\n\t\t\t\t\t\t\t\t\t<div class=\"sc_services_item_content\">\n\t\t\t\t\t<h3 class=\"sc_services_item_title sc_title_underline\"><a href=\"https:\/\/www.artisans-experts.fr\/index.php\/services\/decoration\/\">Decoration<\/a><\/h3>\n\t\t\t\t\t<div class=\"sc_services_item_description\">\n\t\t\t\t\t\t<p>Une d\u00e9coration vous permettant \u00e0 votre projet \u00e0 obtenir un espace de travail optimis\u00e9, design et ergonomique et 100 % fonctionnel.<\/p><a href=\"https:\/\/www.artisans-experts.fr\/index.php\/services\/decoration\/\" class=\"sc_button sc_button_square sc_button_style_filled sc_button_size_small\">Lire la suite <\/a>\t\t\t\t\t<\/div>\n\t\t\t\t<\/div>\n\t\t\t<\/div>\n\t\t<\/div><div class=\"column-1_3 column_padding_bottom\">\t\t\t<div id=\"sc_services_1854573385_5\"\t\t\t\tclass=\"sc_services_item sc_services_item_5 odd\"\n\t\t\t\t>\n\t\t\t\t\t\t\t\t\t<div class=\"sc_services_item_featured post_featured\">\n\t\t\t\t\t\t\t<div class=\"post_thumb\" data-image=\"https:\/\/www.artisans-experts.fr\/wp-content\/uploads\/2016\/06\/tools_5.png\" data-title=\"R\u00e9novations\">\n\t<a class=\"hover_icon hover_icon_link\" href=\"https:\/\/www.artisans-experts.fr\/index.php\/services\/renovation\/\"><img class=\"wp-post-image\" alt=\"R\u00e9novations\" src=\"https:\/\/www.artisans-experts.fr\/wp-content\/uploads\/2016\/06\/tools_5.png\"><\/a>\t<\/div>\n\t\t\t\t\t\t<\/div>\n\t\t\t\t\t\t\t\t\t<div class=\"sc_services_item_content\">\n\t\t\t\t\t<h3 class=\"sc_services_item_title sc_title_underline\"><a href=\"https:\/\/www.artisans-experts.fr\/index.php\/services\/renovation\/\">R\u00e9novations<\/a><\/h3>\n\t\t\t\t\t<div class=\"sc_services_item_description\">\n\t\t\t\t\t\t<p>Des travaux de r\u00e9novation int\u00e9rieure, nos experts interviendront chez vous pour poser l\u2019isolant avant la mise en place du nouveau rev\u00eatement mural...<\/p><a href=\"https:\/\/www.artisans-experts.fr\/index.php\/services\/renovation\/\" class=\"sc_button sc_button_square sc_button_style_filled sc_button_size_small\">Lire la suite <\/a>\t\t\t\t\t<\/div>\n\t\t\t\t<\/div>\n\t\t\t<\/div>\n\t\t<\/div><div class=\"column-1_3 column_padding_bottom\">\t\t\t<div id=\"sc_services_1854573385_6\"\t\t\t\tclass=\"sc_services_item sc_services_item_6 even\"\n\t\t\t\t>\n\t\t\t\t\t\t\t\t\t<div class=\"sc_services_item_featured post_featured\">\n\t\t\t\t\t\t\t<div class=\"post_thumb\" data-image=\"https:\/\/www.artisans-experts.fr\/wp-content\/uploads\/2016\/06\/tools_6.png\" data-title=\"Petits travaux\">\n\t<a class=\"hover_icon hover_icon_link\" href=\"https:\/\/www.artisans-experts.fr\/index.php\/services\/odd-jobs\/\"><img class=\"wp-post-image\" alt=\"Petits travaux\" src=\"https:\/\/www.artisans-experts.fr\/wp-content\/uploads\/2016\/06\/tools_6.png\"><\/a>\t<\/div>\n\t\t\t\t\t\t<\/div>\n\t\t\t\t\t\t\t\t\t<div class=\"sc_services_item_content\">\n\t\t\t\t\t<h3 class=\"sc_services_item_title sc_title_underline\"><a href=\"https:\/\/www.artisans-experts.fr\/index.php\/services\/odd-jobs\/\">Petits travaux<\/a><\/h3>\n\t\t\t\t\t<div class=\"sc_services_item_description\">\n\t\t\t\t\t\t<p>Pour toutes vos demandes nous vous proposerons une solution permettant de vous \u00e9tablir des devis pour des petits travaux&#8230;<\/p><a href=\"https:\/\/www.artisans-experts.fr\/index.php\/services\/odd-jobs\/\" class=\"sc_button sc_button_square sc_button_style_filled sc_button_size_small\">Lire la suite <\/a>\t\t\t\t\t<\/div>\n\t\t\t\t<\/div>\n\t\t\t<\/div>\n\t\t<\/div><\/div><\/div><!-- \/.sc_services --><\/div><!-- \/.sc_services_wrap -->[\/vc_column][\/vc_row][vc_row full_width=&#8221;stretch_row_content_no_spaces&#8221;][vc_column]<div class=\"sc_parallax\" data-parallax-speed=\"0.45\" data-parallax-x-pos=\"50%\" data-parallax-y-pos=\"50%\"><div class=\"sc_parallax_content\" style=\"background-image:url(https:\/\/www.artisans-experts.fr\/wp-content\/uploads\/2021\/11\/board-g4dbd66a60_1920.jpg); background-position:50% 50%;\"><div class=\"sc_content content_wrap\"><div id=\"sc_testimonials_122353545\" class=\"sc_testimonials sc_testimonials_style_testimonials-2  margin_top_large margin_bottom_large white_testimonials testimonials_stars\" style=\"width:100%;\"><h6 class=\"sc_testimonials_subtitle sc_item_subtitle\">t\u00e9moignages<\/h6><h2 class=\"sc_testimonials_title sc_item_title\">Avis clients<\/h2><div class=\"sc_slider_swiper swiper-slider-container sc_slider_nopagination sc_slider_controls sc_slider_controls_side\" data-interval=\"6884\" data-slides-min-width=\"250\"><div class=\"slides swiper-wrapper\"><div class=\"swiper-slide\" data-style=\"width:100%;\" style=\"width:100%;\">\t\t\t<div id=\"sc_testimonials_122353545_1\" class=\"sc_testimonial_item\">\n\t\t\t\t<div class=\"sc_testimonial_content\"><p>Vous avez fait un travail incroyable avec ma maison. Il est en bien meilleur \u00e9tat maintenant, et je suis s\u00fbr que cela durera longtemps. Merci pour votre assistance professionnelle, votre approche cr\u00e9ative et vos solutions rapides!<\/p>\n<\/div>\n\t\t\t\t\t\t\t\t<div class=\"sc_testimonial_author\"><span class=\"sc_testimonial_author_name\">Laurent M.<\/span><span class=\"sc_testimonial_author_position\">, Toulouse, France<\/span><\/div>\n\t\t\t\t\t\t\t<\/div>\n\t\t<\/div><div class=\"swiper-slide\" data-style=\"width:100%;\" style=\"width:100%;\">\t\t\t<div id=\"sc_testimonials_122353545_2\" class=\"sc_testimonial_item\">\n\t\t\t\t<div class=\"sc_testimonial_content\"><p>Magnifique! J'avais besoin d'un conseil de designer et d'une \u00e9quipe avec des outils pour remodeler ma cuisine. J'ai trouv\u00e9 tout ce dont j'avais besoin et plus encore dans votre agence! Merci beaucoup pour une nouvelle cuisine de mon r\u00eave!<\/p>\n<\/div>\n\t\t\t\t\t\t\t\t<div class=\"sc_testimonial_author\"><span class=\"sc_testimonial_author_name\">Maryline J.<\/span><span class=\"sc_testimonial_author_position\">, Paris, France<\/span><\/div>\n\t\t\t\t\t\t\t<\/div>\n\t\t<\/div><div class=\"swiper-slide\" data-style=\"width:100%;\" style=\"width:100%;\">\t\t\t<div id=\"sc_testimonials_122353545_3\" class=\"sc_testimonial_item\">\n\t\t\t\t<div class=\"sc_testimonial_content\"><p>Les probl\u00e8mes \u00e9lectriques peuvent constituer un r\u00e9el danger, surtout s'il y a un enfant dans votre famille. Gr\u00e2ce \u00e0 ces gars-l\u00e0, tous les probl\u00e8mes de c\u00e2blage et d'ampoules ont \u00e9t\u00e9 r\u00e9solus efficacement, et ma femme et moi pouvons \u00eatre calmes \u00e0 propos de notre petit.<\/p>\n<\/div>\n\t\t\t\t\t\t\t\t<div class=\"sc_testimonial_author\"><span class=\"sc_testimonial_author_name\">Alexandre B.<\/span><span class=\"sc_testimonial_author_position\">, Cergy, France<\/span><\/div>\n\t\t\t\t\t\t\t<\/div>\n\t\t<\/div><\/div><div class=\"sc_slider_controls_wrap\"><a class=\"sc_slider_prev\" href=\"#\"><\/a><a class=\"sc_slider_next\" href=\"#\"><\/a><\/div><div class=\"sc_slider_pagination_wrap\"><\/div><\/div><\/div><\/div><\/div><\/div>[\/vc_column][\/vc_row]<\/p>\n","protected":false},"excerpt":{"rendered":"<p>[vc_row][vc_column][\/vc_column][\/vc_row][vc_row full_width=&#8221;stretch_row_content_no_spaces&#8221;][vc_column][\/vc_column][\/vc_row]<\/p>\n","protected":false},"author":1,"featured_media":0,"parent":0,"menu_order":0,"comment_status":"closed","ping_status":"closed","template":"","meta":{"footnotes":""},"_links":{"self":[{"href":"https:\/\/www.artisans-experts.fr\/index.php\/wp-json\/wp\/v2\/pages\/181"}],"collection":[{"href":"https:\/\/www.artisans-experts.fr\/index.php\/wp-json\/wp\/v2\/pages"}],"about":[{"href":"https:\/\/www.artisans-experts.fr\/index.php\/wp-json\/wp\/v2\/types\/page"}],"author":[{"embeddable":true,"href":"https:\/\/www.artisans-experts.fr\/index.php\/wp-json\/wp\/v2\/users\/1"}],"replies":[{"embeddable":true,"href":"https:\/\/www.artisans-experts.fr\/index.php\/wp-json\/wp\/v2\/comments?post=181"}],"version-history":[{"count":10,"href":"https:\/\/www.artisans-experts.fr\/index.php\/wp-json\/wp\/v2\/pages\/181\/revisions"}],"predecessor-version":[{"id":1046,"href":"https:\/\/www.artisans-experts.fr\/index.php\/wp-json\/wp\/v2\/pages\/181\/revisions\/1046"}],"wp:attachment":[{"href":"https:\/\/www.artisans-experts.fr\/index.php\/wp-json\/wp\/v2\/media?parent=181"}],"curies":[{"name":"wp","href":"https:\/\/api.w.org\/{rel}","templated":true}]}}