{"id":198,"date":"2016-07-01T11:01:34","date_gmt":"2016-07-01T11:01:34","guid":{"rendered":"http:\/\/www.artisans-experts.fr\/?page_id=198"},"modified":"2021-03-01T16:34:39","modified_gmt":"2021-03-01T15:34:39","slug":"about-us","status":"publish","type":"page","link":"https:\/\/www.artisans-experts.fr\/index.php\/about-us\/","title":{"rendered":"A propos"},"content":{"rendered":"<p>[vc_row][vc_column css=&#8221;.vc_custom_1468250304405{margin-bottom: 1.7rem !important;}&#8221;]<div id=\"sc_blogger_2078341673\" class=\"sc_blogger layout_classic_3 template_masonry margin_bottom_large  sc_blogger_horizontal\"><h6 class=\"sc_blogger_subtitle sc_item_subtitle\">Bienvenue<\/h6><h2 class=\"sc_blogger_title sc_item_title\">Pourquoi nous choisir ?<\/h2><div class=\"isotope_wrap\" data-columns=\"3\">\t\t<div class=\"isotope_item isotope_item_classic isotope_item_classic_3 isotope_column_3\t\t\t\t\t\">\n\t\t\t<div class=\"post_item post_item_classic post_item_classic_3\t\t\t\t  post_format_standard odd\">\n\t\t\t\t\n\t\t\t\t\t\t\t\t\t<div class=\"post_featured\">\n\t\t\t\t\t\t\t<div class=\"post_thumb\" data-image=\"https:\/\/www.artisans-experts.fr\/wp-content\/uploads\/2016\/07\/tools-g6f36280f6_1920.jpg\" data-title=\"SAVOIR-FAIRE\">\n\t<a class=\"hover_icon hover_icon_link\" href=\"https:\/\/www.artisans-experts.fr\/index.php\/2016\/07\/11\/savoir-faire\/\"><img class=\"wp-post-image\" width=\"740\" height=\"436\" alt=\"SAVOIR-FAIRE\" src=\"https:\/\/www.artisans-experts.fr\/wp-content\/uploads\/2016\/07\/tools-g6f36280f6_1920-740x436.jpg\"><\/a>\t<\/div>\n\t\t\t\t\t\t<\/div>\n\t\t\t\t\n\t\t\t\t<div class=\"post_content isotope_item_content\">\n\t\t\t\t\t\n\t\t\t\t\t\t\t\t\t\t\t\t<h3 class=\"post_title sc_title_underline\"><a href=\"https:\/\/www.artisans-experts.fr\/index.php\/2016\/07\/11\/savoir-faire\/\">SAVOIR-FAIRE<\/a><\/h3>\n\t\t\t\t\t\t\t\n\t\t\t\t\t<div class=\"post_descr\">\n\t\t\t\t\t\t<p>Pour vous, nous combinons un travail de qualit\u00e9, une connaissance sup\u00e9rieure et des prix bas pour vous fournir un service in\u00e9gal\u00e9 par nos concurrents.<\/p>\t\t\t\t\t<\/div>\n\n\t\t\t\t<\/div>\t\t\t\t<!-- \/.post_content -->\n\t\t\t<\/div>\t<!-- \/.post_item -->\n\t\t<\/div>\t\t\t\t\t\t<!-- \/.isotope_item -->\n\t\t\t\t<div class=\"isotope_item isotope_item_classic isotope_item_classic_3 isotope_column_3\t\t\t\t\t\">\n\t\t\t<div class=\"post_item post_item_classic post_item_classic_3\t\t\t\t  post_format_standard even\">\n\t\t\t\t\n\t\t\t\t\t\t\t\t\t<div class=\"post_featured\">\n\t\t\t\t\t\t\t<div class=\"post_thumb\" data-image=\"https:\/\/www.artisans-experts.fr\/wp-content\/uploads\/2016\/07\/electrician-g3c175c238_1920.jpg\" data-title=\"QUALITE\">\n\t<a class=\"hover_icon hover_icon_link\" href=\"https:\/\/www.artisans-experts.fr\/index.php\/2016\/07\/11\/qualite\/\"><img class=\"wp-post-image\" width=\"740\" height=\"436\" alt=\"QUALITE\" src=\"https:\/\/www.artisans-experts.fr\/wp-content\/uploads\/2016\/07\/electrician-g3c175c238_1920-740x436.jpg\"><\/a>\t<\/div>\n\t\t\t\t\t\t<\/div>\n\t\t\t\t\n\t\t\t\t<div class=\"post_content isotope_item_content\">\n\t\t\t\t\t\n\t\t\t\t\t\t\t\t\t\t\t\t<h3 class=\"post_title sc_title_underline\"><a href=\"https:\/\/www.artisans-experts.fr\/index.php\/2016\/07\/11\/qualite\/\">QUALITE<\/a><\/h3>\n\t\t\t\t\t\t\t\n\t\t\t\t\t<div class=\"post_descr\">\n\t\t\t\t\t\t<p>nous avons l\u2019exp\u00e9rience, le personnel et les ressources n\u00e9cessaires pour que votre projet de r\u00e9novation se d\u00e9roule dans les meilleures conditions.<\/p>\t\t\t\t\t<\/div>\n\n\t\t\t\t<\/div>\t\t\t\t<!-- \/.post_content -->\n\t\t\t<\/div>\t<!-- \/.post_item -->\n\t\t<\/div>\t\t\t\t\t\t<!-- \/.isotope_item -->\n\t\t\t\t<div class=\"isotope_item isotope_item_classic isotope_item_classic_3 isotope_column_3\t\t\t\t\t\">\n\t\t\t<div class=\"post_item post_item_classic post_item_classic_3\t\t\t\t  post_format_standard odd last\">\n\t\t\t\t\n\t\t\t\t\t\t\t\t\t<div class=\"post_featured\">\n\t\t\t\t\t\t\t<div class=\"post_thumb\" data-image=\"https:\/\/www.artisans-experts.fr\/wp-content\/uploads\/2016\/07\/building-ga5fd66fc8_1920.jpg\" data-title=\"EXPERIENCES\">\n\t<a class=\"hover_icon hover_icon_link\" href=\"https:\/\/www.artisans-experts.fr\/index.php\/2016\/07\/11\/experiences\/\"><img class=\"wp-post-image\" width=\"740\" height=\"436\" alt=\"EXPERIENCES\" src=\"https:\/\/www.artisans-experts.fr\/wp-content\/uploads\/2016\/07\/building-ga5fd66fc8_1920-740x436.jpg\"><\/a>\t<\/div>\n\t\t\t\t\t\t<\/div>\n\t\t\t\t\n\t\t\t\t<div class=\"post_content isotope_item_content\">\n\t\t\t\t\t\n\t\t\t\t\t\t\t\t\t\t\t\t<h3 class=\"post_title sc_title_underline\"><a href=\"https:\/\/www.artisans-experts.fr\/index.php\/2016\/07\/11\/experiences\/\">EXPERIENCES<\/a><\/h3>\n\t\t\t\t\t\t\t\n\t\t\t\t\t<div class=\"post_descr\">\n\t\t\t\t\t\t<p>Un savoir-faire sur de nombreuses disciplines et une exp\u00e9rience professionnelle de plusieurs ann\u00e9es.<\/p>\t\t\t\t\t<\/div>\n\n\t\t\t\t<\/div>\t\t\t\t<!-- \/.post_content -->\n\t\t\t<\/div>\t<!-- \/.post_item -->\n\t\t<\/div>\t\t\t\t\t\t<!-- \/.isotope_item -->\n\t\t<\/div><div class=\"sc_blogger_button sc_item_button\"><a href=\"#\" class=\"sc_button sc_button_square sc_button_style_filled sc_button_size_small\">LIRE LA SUITE<\/a><\/div><\/div>[\/vc_column][\/vc_row][vc_row full_width=&#8221;stretch_row_content_no_spaces&#8221;][vc_column]<div class=\"sc_parallax\" data-parallax-speed=\"0.45\" data-parallax-x-pos=\"50%\" data-parallax-y-pos=\"50%\"><div class=\"sc_parallax_content\" style=\"background-image:url(https:\/\/www.artisans-experts.fr\/wp-content\/uploads\/2016\/07\/bg_1-scaled.jpg); background-position:50% 50%;\"><div class=\"sc_content content_wrap\"><div id=\"sc_testimonials_250198897\" class=\"sc_testimonials sc_testimonials_style_testimonials-2  margin_top_large margin_bottom_large white_testimonials testimonials_stars\" style=\"width:100%;\"><h6 class=\"sc_testimonials_subtitle sc_item_subtitle\">T\u00e9moignages<\/h6><h2 class=\"sc_testimonials_title sc_item_title\">Avis client<\/h2><div class=\"sc_slider_swiper swiper-slider-container sc_slider_nopagination sc_slider_controls sc_slider_controls_side\" data-interval=\"8143\" data-slides-min-width=\"250\"><div class=\"slides swiper-wrapper\"><div class=\"swiper-slide\" data-style=\"width:100%;\" style=\"width:100%;\">\t\t\t<div id=\"sc_testimonials_250198897_1\" class=\"sc_testimonial_item\">\n\t\t\t\t<div class=\"sc_testimonial_content\"><p>Vous avez fait un travail incroyable avec ma maison. Il est en bien meilleur \u00e9tat maintenant, et je suis s\u00fbr que cela durera longtemps. Merci pour votre assistance professionnelle, votre approche cr\u00e9ative et vos solutions rapides!<\/p>\n<\/div>\n\t\t\t\t\t\t\t\t<div class=\"sc_testimonial_author\"><span class=\"sc_testimonial_author_name\">Laurent M.<\/span><span class=\"sc_testimonial_author_position\">, Toulouse, France<\/span><\/div>\n\t\t\t\t\t\t\t<\/div>\n\t\t<\/div><div class=\"swiper-slide\" data-style=\"width:100%;\" style=\"width:100%;\">\t\t\t<div id=\"sc_testimonials_250198897_2\" class=\"sc_testimonial_item\">\n\t\t\t\t<div class=\"sc_testimonial_content\"><p>Magnifique! J'avais besoin d'un conseil de designer et d'une \u00e9quipe avec des outils pour remodeler ma cuisine. J'ai trouv\u00e9 tout ce dont j'avais besoin et plus encore dans votre agence! Merci beaucoup pour une nouvelle cuisine de mon r\u00eave!<\/p>\n<\/div>\n\t\t\t\t\t\t\t\t<div class=\"sc_testimonial_author\"><span class=\"sc_testimonial_author_name\">Maryline J.<\/span><span class=\"sc_testimonial_author_position\">, Paris, France<\/span><\/div>\n\t\t\t\t\t\t\t<\/div>\n\t\t<\/div><div class=\"swiper-slide\" data-style=\"width:100%;\" style=\"width:100%;\">\t\t\t<div id=\"sc_testimonials_250198897_3\" class=\"sc_testimonial_item\">\n\t\t\t\t<div class=\"sc_testimonial_content\"><p>Les probl\u00e8mes \u00e9lectriques peuvent constituer un r\u00e9el danger, surtout s'il y a un enfant dans votre famille. Gr\u00e2ce \u00e0 ces gars-l\u00e0, tous les probl\u00e8mes de c\u00e2blage et d'ampoules ont \u00e9t\u00e9 r\u00e9solus efficacement, et ma femme et moi pouvons \u00eatre calmes \u00e0 propos de notre petit.<\/p>\n<\/div>\n\t\t\t\t\t\t\t\t<div class=\"sc_testimonial_author\"><span class=\"sc_testimonial_author_name\">Alexandre B.<\/span><span class=\"sc_testimonial_author_position\">, Cergy, France<\/span><\/div>\n\t\t\t\t\t\t\t<\/div>\n\t\t<\/div><\/div><div class=\"sc_slider_controls_wrap\"><a class=\"sc_slider_prev\" href=\"#\"><\/a><a class=\"sc_slider_next\" href=\"#\"><\/a><\/div><div class=\"sc_slider_pagination_wrap\"><\/div><\/div><\/div><\/div><\/div><\/div>[\/vc_column][\/vc_row][vc_row][vc_column]<div class=\"sc_section margin_top_large margin_bottom_huge aligncenter\"><div class=\"sc_section_inner\"><h6 class=\"sc_section_subtitle sc_item_subtitle\">video<\/h6><h2 class=\"sc_section_title sc_item_title\">Nous faisons tout<\/h2><div class=\"sc_section_content_wrap\"><video class=\"sc_video\" src=\"https:\/\/player.vimeo.com\/video\/49853705\" width=\"770\" height=\"348\" data-width=\"770\" data-height=\"348\" data-ratio=\"16:9\" poster=\"https:\/\/www.artisans-experts.fr\/wp-content\/uploads\/2016\/07\/video.jpg\" data-image=\"https:\/\/www.artisans-experts.fr\/wp-content\/uploads\/2016\/07\/video.jpg\" style=\"max-width: 770px; margin: auto;width:770px;height:348px;\" autoplay=\"autoplay\" controls=\"controls\" loop=\"loop\"><\/video><div class=\"sc_section sc_section_block  aligncenter\" style=\"max-width: 700px; margin-top: 2.9rem; margin-bottom: 2.2rem;\"><div class=\"sc_section_inner\"><div class=\"sc_section_content_wrap\"><span class=\"sc_highlight\" style=\"font-size:1.3846em; line-height: 1.65em;\">Nous fournissons la plus large gamme de services, afin que nos clients n&#8217;aient pas \u00e0 rechercher et \u00e0 contacter d&#8217;autres agences ailleurs pour r\u00e9aliser un projet.<\/span><\/div><\/div><\/div><\/div><div class=\"sc_section_button sc_item_button\"><a href=\"\/gallery-cobbles\/\" class=\"sc_button sc_button_square sc_button_style_filled sc_button_size_small\">go to portfolio<\/a><\/div><\/div><\/div>[\/vc_column][\/vc_row][vc_row full_width=&#8221;stretch_row_content_no_spaces&#8221; parallax=&#8221;content-moving&#8221; parallax_speed_bg=&#8221;3&#8243;][vc_column]<div class=\"sc_parallax\" data-parallax-speed=\"0.18\" data-parallax-x-pos=\"50%\" data-parallax-y-pos=\"50%\"><div class=\"sc_parallax_content\" style=\"background-image:url(https:\/\/www.artisans-experts.fr\/wp-content\/uploads\/2016\/07\/parralax_big.jpg); background-position:50% 50%;\"><div class=\"sc_content content_wrap\"><div id=\"sc_team_480018219_wrap\" class=\"sc_team_wrap\"><div id=\"sc_team_480018219\" class=\"sc_team sc_team_style_team-3  margin_top_large margin_bottom_large white_team\" style=\"width:100%;\"><h6 class=\"sc_team_subtitle sc_item_subtitle\">Equipes de professionnels<\/h6><h2 class=\"sc_team_title sc_item_title\">Artisans Experts<\/h2><div class=\"sc_slider_swiper swiper-slider-container sc_slider_pagination sc_slider_pagination_bottom sc_slider_nocontrols\" data-interval=\"8865\" data-slides-space=\"32\" data-slides-per-view=\"3\" data-slides-min-width=\"250\"><div class=\"slides swiper-wrapper\"><div class=\"swiper-slide\" data-style=\"width:100%;\" style=\"width:100%;\">\t\t\t<div id=\"sc_team_480018219_1\"\t\t\t\tclass=\"sc_team_item sc_team_item_1 odd first\"\n\t\t\t\t>\n\t\t\t\t<div class=\"sc_team_item_avatar\"><img class=\"wp-post-image\" width=\"370\" height=\"233\" alt=\"Barry Jones\" src=\"https:\/\/www.artisans-experts.fr\/wp-content\/uploads\/2016\/07\/team_1_x2-1.jpg\">\t\t\t\t\t<div class=\"sc_team_item_hover\">\n\t\t\t\t\t\t<div class=\"sc_team_item_socials\"><div class=\"sc_socials sc_socials_type_icons sc_socials_shape_round sc_socials_size_tiny\"><div class=\"sc_socials_item\"><a href=\"https:\/\/twitter.com\/ancora_themes\" target=\"_blank\" class=\"social_icons social_twitter\"><span class=\"icon-twitter\"><\/span><\/a><\/div><div class=\"sc_socials_item\"><a href=\"https:\/\/www.facebook.com\/AncoraThemes\/\" target=\"_blank\" class=\"social_icons social_facebook\"><span class=\"icon-facebook\"><\/span><\/a><\/div><div class=\"sc_socials_item\"><a href=\"https:\/\/www.instagram.com\/ancora_themes\/\" target=\"_blank\" class=\"social_icons social_instagramm\"><span class=\"icon-instagramm\"><\/span><\/a><\/div><\/div><\/div>\n\t\t\t\t\t<\/div>\n                    <div class=\"sc_team_item_info\">\n                                                <h4 class=\"sc_team_item_title\"><a href=\"https:\/\/www.artisans-experts.fr\/index.php\/team\/barry-jones\/\">Barry Jones<\/a><\/h4>\n                        <div class=\"sc_team_item_position\">master<\/div>\n                    <\/div>\n\t\t\t\t<\/div>\n\n\t\t\t<\/div>\n\t\t<\/div><div class=\"swiper-slide\" data-style=\"width:100%;\" style=\"width:100%;\">\t\t\t<div id=\"sc_team_480018219_2\"\t\t\t\tclass=\"sc_team_item sc_team_item_2 even\"\n\t\t\t\t>\n\t\t\t\t<div class=\"sc_team_item_avatar\"><img class=\"wp-post-image\" width=\"370\" height=\"233\" alt=\"Ryan Parker\" src=\"https:\/\/www.artisans-experts.fr\/wp-content\/uploads\/2016\/07\/team_3_x2-1.jpg\">\t\t\t\t\t<div class=\"sc_team_item_hover\">\n\t\t\t\t\t\t<div class=\"sc_team_item_socials\"><div class=\"sc_socials sc_socials_type_icons sc_socials_shape_round sc_socials_size_tiny\"><div class=\"sc_socials_item\"><a href=\"https:\/\/twitter.com\/ancora_themes\" target=\"_blank\" class=\"social_icons social_twitter\"><span class=\"icon-twitter\"><\/span><\/a><\/div><div class=\"sc_socials_item\"><a href=\"https:\/\/www.facebook.com\/AncoraThemes\/\" target=\"_blank\" class=\"social_icons social_facebook\"><span class=\"icon-facebook\"><\/span><\/a><\/div><div class=\"sc_socials_item\"><a href=\"https:\/\/www.instagram.com\/ancora_themes\/\" target=\"_blank\" class=\"social_icons social_instagramm\"><span class=\"icon-instagramm\"><\/span><\/a><\/div><\/div><\/div>\n\t\t\t\t\t<\/div>\n                    <div class=\"sc_team_item_info\">\n                                                <h4 class=\"sc_team_item_title\"><a href=\"https:\/\/www.artisans-experts.fr\/index.php\/team\/ryan-parker\/\">Ryan Parker<\/a><\/h4>\n                        <div class=\"sc_team_item_position\">master<\/div>\n                    <\/div>\n\t\t\t\t<\/div>\n\n\t\t\t<\/div>\n\t\t<\/div><div class=\"swiper-slide\" data-style=\"width:100%;\" style=\"width:100%;\">\t\t\t<div id=\"sc_team_480018219_3\"\t\t\t\tclass=\"sc_team_item sc_team_item_3 odd\"\n\t\t\t\t>\n\t\t\t\t<div class=\"sc_team_item_avatar\"><img class=\"wp-post-image\" width=\"370\" height=\"233\" alt=\"Steven Rogers\" src=\"https:\/\/www.artisans-experts.fr\/wp-content\/uploads\/2016\/07\/team_2_x2-1.jpg\">\t\t\t\t\t<div class=\"sc_team_item_hover\">\n\t\t\t\t\t\t<div class=\"sc_team_item_socials\"><div class=\"sc_socials sc_socials_type_icons sc_socials_shape_round sc_socials_size_tiny\"><div class=\"sc_socials_item\"><a href=\"https:\/\/twitter.com\/ancora_themes\" target=\"_blank\" class=\"social_icons social_twitter\"><span class=\"icon-twitter\"><\/span><\/a><\/div><div class=\"sc_socials_item\"><a href=\"https:\/\/www.facebook.com\/AncoraThemes\/\" target=\"_blank\" class=\"social_icons social_facebook\"><span class=\"icon-facebook\"><\/span><\/a><\/div><div class=\"sc_socials_item\"><a href=\"https:\/\/www.instagram.com\/ancora_themes\/\" target=\"_blank\" class=\"social_icons social_instagramm\"><span class=\"icon-instagramm\"><\/span><\/a><\/div><\/div><\/div>\n\t\t\t\t\t<\/div>\n                    <div class=\"sc_team_item_info\">\n                                                <h4 class=\"sc_team_item_title\"><a href=\"https:\/\/www.artisans-experts.fr\/index.php\/team\/steven-rogers\/\">Steven Rogers<\/a><\/h4>\n                        <div class=\"sc_team_item_position\">master<\/div>\n                    <\/div>\n\t\t\t\t<\/div>\n\n\t\t\t<\/div>\n\t\t<\/div><\/div><div class=\"sc_slider_controls_wrap\"><a class=\"sc_slider_prev\" href=\"#\"><\/a><a class=\"sc_slider_next\" href=\"#\"><\/a><\/div><div class=\"sc_slider_pagination_wrap\"><\/div><\/div><\/div><!-- \/.sc_team --><\/div><!-- \/.sc_team_wrap --><\/div><\/div><\/div>[\/vc_column][\/vc_row][vc_row full_width=&#8221;stretch_row&#8221; css=&#8221;.vc_custom_1472725578798{background-image: url(http:\/\/www.artisans-experts.fr\/wp-content\/uploads\/2016\/06\/bg_0.jpg?id=578) !important;}&#8221;][vc_column css=&#8221;.vc_custom_1468313803896{margin-bottom: 1.4rem !important;}&#8221;]<div class=\"sc_section margin_top_large margin_bottom_large whitesubtitle_testimonials\"><div class=\"sc_section_inner\"><h6 class=\"sc_section_subtitle sc_item_subtitle\">services<\/h6><h2 class=\"sc_section_title sc_item_title\">Choisir un projet<\/h2><div class=\"sc_section_content_wrap\"><div class=\"columns_wrap sc_columns columns_nofluid sc_columns_count_4\"><div class=\"column-1_4 sc_column_item sc_column_item_1 odd first\"><h3 class=\"sc_title sc_title_regular\" style=\"margin-top: -.35rem;margin-bottom: 0.8rem;color:#ffffff;\">Petits travaux <\/h3><h5 class=\"sc_title sc_title_iconed\"><span class=\"sc_title_icon sc_title_icon_left  sc_title_icon_small icon-checkbox\"><\/span><a href=\"\/services\/odd-jobs\/\">Flexible Hours<\/a><\/h5><h5 class=\"sc_title sc_title_iconed\"><span class=\"sc_title_icon sc_title_icon_left  sc_title_icon_small icon-checkbox\"><\/span><a href=\"\/services\/odd-jobs\/\">Full Service List<\/a><\/h5><h5 class=\"sc_title sc_title_iconed\"><span class=\"sc_title_icon sc_title_icon_left  sc_title_icon_small icon-checkbox\"><\/span><a href=\"\/services\/odd-jobs\/\">Fast Approach<\/a><\/h5><h5 class=\"sc_title sc_title_iconed\"><span class=\"sc_title_icon sc_title_icon_left  sc_title_icon_small icon-checkbox\"><\/span><a href=\"\/services\/odd-jobs\/\">Effective Communication<\/a><\/h5><h5 class=\"sc_title sc_title_iconed\"><span class=\"sc_title_icon sc_title_icon_left  sc_title_icon_small icon-checkbox\"><\/span><a href=\"\/services\/odd-jobs\/\">Affordable Pricing<\/a><\/h5><\/div><div class=\"column-1_4 sc_column_item sc_column_item_2 even\"><h3 class=\"sc_title sc_title_regular\" style=\"margin-top: -.35rem;margin-bottom: 0.8rem;color:#ffffff;\">D\u00e9coration <\/h3><h5 class=\"sc_title sc_title_iconed\"><span class=\"sc_title_icon sc_title_icon_left  sc_title_icon_small icon-checkbox\"><\/span><a href=\"\/services\/decorating\/\">Paint Job<\/a><\/h5><h5 class=\"sc_title sc_title_iconed\"><span class=\"sc_title_icon sc_title_icon_left  sc_title_icon_small icon-checkbox\"><\/span><a href=\"\/services\/decorating\/\">Wallpapering<\/a><\/h5><h5 class=\"sc_title sc_title_iconed\"><span class=\"sc_title_icon sc_title_icon_left  sc_title_icon_small icon-checkbox\"><\/span><a href=\"\/services\/decorating\/\">Flooring Installation<\/a><\/h5><h5 class=\"sc_title sc_title_iconed\"><span class=\"sc_title_icon sc_title_icon_left  sc_title_icon_small icon-checkbox\"><\/span><a href=\"\/services\/decorating\/\">Tiling &amp; Plastering<\/a><\/h5><h5 class=\"sc_title sc_title_iconed\"><span class=\"sc_title_icon sc_title_icon_left  sc_title_icon_small icon-checkbox\"><\/span><a href=\"\/services\/decorating\/\">Lighting Decor<\/a><\/h5><\/div><div class=\"column-1_4 sc_column_item sc_column_item_3 odd\"><h3 class=\"sc_title sc_title_regular\" style=\"margin-top: -.35rem;margin-bottom: 0.8rem;color:#ffffff;\">Electricit\u00e9<\/h3><h5 class=\"sc_title sc_title_iconed\"><span class=\"sc_title_icon sc_title_icon_left  sc_title_icon_small icon-checkbox\"><\/span><a href=\"\/services\/electrical\/\">Installation<\/a><\/h5><h5 class=\"sc_title sc_title_iconed\"><span class=\"sc_title_icon sc_title_icon_left  sc_title_icon_small icon-checkbox\"><\/span><a href=\"\/services\/electrical\/\">Repairs<\/a><\/h5><h5 class=\"sc_title sc_title_iconed\"><span class=\"sc_title_icon sc_title_icon_left  sc_title_icon_small icon-checkbox\"><\/span><a href=\"\/services\/electrical\/\">Replacement<\/a><\/h5><h5 class=\"sc_title sc_title_iconed\"><span class=\"sc_title_icon sc_title_icon_left  sc_title_icon_small icon-checkbox\"><\/span><a href=\"\/services\/electrical\/\">Safety Inspections<\/a><\/h5><h5 class=\"sc_title sc_title_iconed\"><span class=\"sc_title_icon sc_title_icon_left  sc_title_icon_small icon-checkbox\"><\/span><a href=\"\/services\/electrical\/\">Wiring<\/a><\/h5><\/div><div class=\"column-1_4 sc_column_item sc_column_item_4 even\"><h3 class=\"sc_title sc_title_regular\" style=\"margin-top: -.35rem;margin-bottom: 0.8rem;color:#ffffff;\">Plomberie <\/h3><h5 class=\"sc_title sc_title_iconed\"><span class=\"sc_title_icon sc_title_icon_left  sc_title_icon_small icon-checkbox\"><\/span><a href=\"\/services\/plumbing\/\">Fixing Leaky Taps<\/a><\/h5><h5 class=\"sc_title sc_title_iconed\"><span class=\"sc_title_icon sc_title_icon_left  sc_title_icon_small icon-checkbox\"><\/span><a href=\"\/services\/plumbing\/\">Toilet Repairs<\/a><\/h5><h5 class=\"sc_title sc_title_iconed\"><span class=\"sc_title_icon sc_title_icon_left  sc_title_icon_small icon-checkbox\"><\/span><a href=\"\/services\/plumbing\/\">Unblocking Sinks<\/a><\/h5><h5 class=\"sc_title sc_title_iconed\"><span class=\"sc_title_icon sc_title_icon_left  sc_title_icon_small icon-checkbox\"><\/span><a href=\"\/services\/plumbing\/\">Re-sealing Sinks<\/a><\/h5><h5 class=\"sc_title sc_title_iconed\"><span class=\"sc_title_icon sc_title_icon_left  sc_title_icon_small icon-checkbox\"><\/span><a href=\"\/services\/plumbing\/\">Re-sealing Baths<\/a><\/h5><\/div><\/div><\/div><\/div><\/div>[\/vc_column][\/vc_row]<\/p>\n","protected":false},"excerpt":{"rendered":"<p>[vc_row][vc_column css=&#8221;.vc_custom_1468250304405{margin-bottom: 1.7rem !important;}&#8221;][\/vc_column][\/vc_row][vc_row full_width=&#8221;stretch_row_content_no_spaces&#8221;][vc_column][\/vc_column][\/vc_row][vc_row][vc_column][\/vc_column][\/vc_row][vc_row full_width=&#8221;stretch_row_content_no_spaces&#8221; parallax=&#8221;content-moving&#8221; parallax_speed_bg=&#8221;3&#8243;][vc_column][\/vc_column][\/vc_row][vc_row full_width=&#8221;stretch_row&#8221; css=&#8221;.vc_custom_1472725578798{background-image: url(http:\/\/www.artisans-experts.fr\/wp-content\/uploads\/2016\/06\/bg_0.jpg?id=578) !important;}&#8221;][vc_column css=&#8221;.vc_custom_1468313803896{margin-bottom: 1.4rem !important;}&#8221;][\/vc_column][\/vc_row]<\/p>\n","protected":false},"author":1,"featured_media":0,"parent":0,"menu_order":0,"comment_status":"closed","ping_status":"closed","template":"","meta":{"footnotes":""},"_links":{"self":[{"href":"https:\/\/www.artisans-experts.fr\/index.php\/wp-json\/wp\/v2\/pages\/198"}],"collection":[{"href":"https:\/\/www.artisans-experts.fr\/index.php\/wp-json\/wp\/v2\/pages"}],"about":[{"href":"https:\/\/www.artisans-experts.fr\/index.php\/wp-json\/wp\/v2\/types\/page"}],"author":[{"embeddable":true,"href":"https:\/\/www.artisans-experts.fr\/index.php\/wp-json\/wp\/v2\/users\/1"}],"replies":[{"embeddable":true,"href":"https:\/\/www.artisans-experts.fr\/index.php\/wp-json\/wp\/v2\/comments?post=198"}],"version-history":[{"count":3,"href":"https:\/\/www.artisans-experts.fr\/index.php\/wp-json\/wp\/v2\/pages\/198\/revisions"}],"predecessor-version":[{"id":1000,"href":"https:\/\/www.artisans-experts.fr\/index.php\/wp-json\/wp\/v2\/pages\/198\/revisions\/1000"}],"wp:attachment":[{"href":"https:\/\/www.artisans-experts.fr\/index.php\/wp-json\/wp\/v2\/media?parent=198"}],"curies":[{"name":"wp","href":"https:\/\/api.w.org\/{rel}","templated":true}]}}